{"id":103,"date":"2015-06-03T14:40:03","date_gmt":"2015-06-03T14:40:03","guid":{"rendered":"http:\/\/friendsofpotosi.wp.tulane.edu\/?page_id=103"},"modified":"2019-05-14T12:29:53","modified_gmt":"2019-05-14T12:29:53","slug":"sources","status":"publish","type":"page","link":"https:\/\/friendsofpotosi.tulane.edu\/es\/sources\/","title":{"rendered":"Fuentes"},"content":{"rendered":"<p><span style=\"font-size: 12.0pt; color: black;\">Potos\u00ed se hizo mundialmente famosa poco despu\u00e9s de 1945, lo que conllev\u00f3 la producci\u00f3n de un gran n\u00famero de im\u00e1genes y fuentes escritas. Esta secci\u00f3n sirve como un archivo o dep\u00f3sito de dichos documentos, en su mayor\u00eda publicados, que van desde relatos de testigos presenciales hasta trabajos acad\u00e9micos y res\u00famenes estad\u00edsticos. La secci\u00f3n se divide en dos categor\u00edas: fuentes primarias y fuentes secundarias.<\/span><\/p>\n<p><a href=\"http:\/\/friendsofpotosi.tulane.edu\/primary-sources\/\"><strong style=\"font-size: 1rem;\">Fuentes Primarias<\/strong><\/a><\/p>\n<p><a href=\"http:\/\/friendsofpotosi.tulane.edu\/translated-documents\/\"><strong>Documentos Traducidos al Ingl\u00e9s<\/strong><\/a><\/p>\n<p><a href=\"http:\/\/friendsofpotosi.tulane.edu\/secondary\/\"><strong style=\"font-size: 1rem;\">Fuentes Secundarias<\/strong><\/a><\/p>\n","protected":false},"excerpt":{"rendered":"<p>Potos\u00ed se hizo mundialmente famosa poco despu\u00e9s de 1945, lo que conllev\u00f3 la producci\u00f3n de un gran n\u00famero de im\u00e1genes y fuentes escritas. Esta secci\u00f3n sirve como un archivo o dep\u00f3sito de dichos documentos, en su mayor\u00eda publicados, que van desde relatos de testigos presenciales hasta trabajos acad\u00e9micos y res\u00famenes estad\u00edsticos. La secci\u00f3n se divide [&hellip;]<\/p>\n","protected":false},"author":4,"featured_media":0,"parent":0,"menu_order":0,"comment_status":"closed","ping_status":"open","template":"","meta":{"ngg_post_thumbnail":0,"footnotes":""},"class_list":["post-103","page","type-page","status-publish","hentry"],"translation":{"provider":"WPGlobus","version":"3.0.2","language":"es","enabled_languages":["en","es"],"languages":{"en":{"title":true,"content":true,"excerpt":false},"es":{"title":true,"content":true,"excerpt":false}}},"_links":{"self":[{"href":"https:\/\/friendsofpotosi.tulane.edu\/es\/wp-json\/wp\/v2\/pages\/103","targetHints":{"allow":["GET"]}}],"collection":[{"href":"https:\/\/friendsofpotosi.tulane.edu\/es\/wp-json\/wp\/v2\/pages"}],"about":[{"href":"https:\/\/friendsofpotosi.tulane.edu\/es\/wp-json\/wp\/v2\/types\/page"}],"author":[{"embeddable":true,"href":"https:\/\/friendsofpotosi.tulane.edu\/es\/wp-json\/wp\/v2\/users\/4"}],"replies":[{"embeddable":true,"href":"https:\/\/friendsofpotosi.tulane.edu\/es\/wp-json\/wp\/v2\/comments?post=103"}],"version-history":[{"count":37,"href":"https:\/\/friendsofpotosi.tulane.edu\/es\/wp-json\/wp\/v2\/pages\/103\/revisions"}],"predecessor-version":[{"id":290,"href":"https:\/\/friendsofpotosi.tulane.edu\/es\/wp-json\/wp\/v2\/pages\/103\/revisions\/290"}],"wp:attachment":[{"href":"https:\/\/friendsofpotosi.tulane.edu\/es\/wp-json\/wp\/v2\/media?parent=103"}],"curies":[{"name":"wp","href":"https:\/\/api.w.org\/{rel}","templated":true}]}}