{"id":236,"date":"2019-05-07T23:13:24","date_gmt":"2019-05-07T23:13:24","guid":{"rendered":"http:\/\/friendsofpotosi.wp.tulane.edu\/?page_id=236"},"modified":"2019-06-14T16:38:13","modified_gmt":"2019-06-14T16:38:13","slug":"translated-documents","status":"publish","type":"page","link":"https:\/\/friendsofpotosi.tulane.edu\/es\/translated-documents\/","title":{"rendered":"Documentos traducidos al ingl\u00e9s"},"content":{"rendered":"<p><a href=\"http:\/\/friendsofpotosi.tulane.edu\/wp-content\/uploads\/sites\/111\/2019\/05\/Domingo-de-Santo-Tomas-on-Potosi\u011b.pdf\">The mines of Potos\u00ed: the miserable condition of the Indian miners (1 July 1550)<\/a> By Fray Domingo de Santo Tom\u00e1s<\/p>\n<hr>\n<p><a href=\"http:\/\/friendsofpotosi.tulane.edu\/wp-content\/uploads\/sites\/111\/2019\/05\/Cieza-de-Leon-on-Potosi-1553.pdf\">How the mines of Potos\u00ed were discovered (1553)<\/a> By Pedro Cieza de Le\u00f3n<\/p>\n<hr>\n<p><a href=\"http:\/\/friendsofpotosi.tulane.edu\/wp-content\/uploads\/sites\/111\/2019\/05\/R.-Sant-Angel-Potosi\u011b-y-su-Descubrimiento.pdf\">Account of the Mountain of Potos\u00ed and its Discovery (1572)<\/a> By parish priest Rodrigo de la Fuente Santangel<\/p>\n<hr>\n<p><a href=\"http:\/\/friendsofpotosi.tulane.edu\/wp-content\/uploads\/sites\/111\/2019\/05\/N.-Benino-on-Potosi.pdf\">&#8220;A Very Precise Description of the Mountain and Mines of Potos\u00ed, and of their Quality and Workings&#8221; (1573)<\/a> By Nicolao Benino (of Florence)<\/p>\n<hr>\n<p><a href=\"http:\/\/friendsofpotosi.tulane.edu\/wp-content\/uploads\/sites\/111\/2019\/05\/Luis-Capoche-on-Potosi-1585.pdf\">General description of the mining camp and Imperial Villa of Potos\u00ed and of the most important aspects of its governance (1585) <\/a>By Luis Capoche<\/p>\n<hr>\n<p><a href=\"http:\/\/friendsofpotosi.tulane.edu\/wp-content\/uploads\/sites\/111\/2019\/05\/Fray-Diego-de-Ocan\u0162a-on-Potosi.pdf\">Potos\u00ed: &#8216;The Eighth Wonder of the World&#8217; (c.1600-1601)<\/a> Fray Diego de Oca\u00f1a<\/p>\n<hr>\n<p><a href=\"http:\/\/friendsofpotosi.tulane.edu\/wp-content\/uploads\/sites\/111\/2019\/05\/Ramos-Gavilan-on-Potosi-miracles.pdf\">&#8220;A miracle in Potos\u00ed&#8221; (c.1603)<\/a> By Alonso Ramos Gavil\u00e1n<\/p>\n<hr>\n<p><a href=\"http:\/\/friendsofpotosi.tulane.edu\/wp-content\/uploads\/sites\/111\/2019\/05\/1603-Description-of-Potosi.pdf\">Description of the Villa and Mines de Potos\u00ed in the year 1603. <\/a>Anonymous<\/p>\n<hr>\n<p><a href=\"http:\/\/friendsofpotosi.tulane.edu\/wp-content\/uploads\/sites\/111\/2019\/05\/R.-de-Lizarraga-on-Potosi.pdf\">&#8216;Of the Hill of Potos\u00ed&#8217; (c.1605)<\/a> By Reginaldo de Liz\u00e1rraga<\/p>\n<hr>\n<p><a href=\"http:\/\/friendsofpotosi.tulane.edu\/wp-content\/uploads\/sites\/111\/2019\/05\/M.-de-Murua-on-Potosi-1616.pdf\">&#8216;Of the Rich and famous Mountain of Potos\u00ed and of its grandezas&#8217; and &#8216;Of the Imperial Villa of Santiago de Potos\u00ed&#8217; (c.1613)<\/a> By Fray Mart\u00edn de Mur\u00faa<\/p>\n<hr>\n<p><a href=\"http:\/\/friendsofpotosi.tulane.edu\/wp-content\/uploads\/sites\/111\/2019\/05\/D.-Mendoza-on-1626-Potosi-flood.pdf\">On 1626 Potosi flood (1663)<\/a> By Diego de Mendoza.&nbsp;<\/p>\n<hr>\n<p><a href=\"http:\/\/friendsofpotosi.tulane.edu\/wp-content\/uploads\/sites\/111\/2019\/05\/Ramirez-del-Aguila-on-Potosi-1639.pdf\">&#8216;Of the richness of silver ores in this province&#8230;&#8217; (c.1639)<\/a> By Lic. Pedro Ram\u00edrez del Aguila<\/p>\n<hr>\n<p><a href=\"http:\/\/friendsofpotosi.tulane.edu\/wp-content\/uploads\/sites\/111\/2019\/05\/1641-satirical-poem-Potosi.pdf\">1641-42 satirical poem<\/a> Anonymous<\/p>\n","protected":false},"excerpt":{"rendered":"<p>The mines of Potos\u00ed: the miserable condition of the Indian miners (1 July 1550) By Fray Domingo de Santo Tom\u00e1s How the mines of Potos\u00ed were discovered (1553) By Pedro Cieza de Le\u00f3n Account of the Mountain of Potos\u00ed and its Discovery (1572) By parish priest Rodrigo de la Fuente Santangel &#8220;A Very Precise Description [&hellip;]<\/p>\n","protected":false},"author":4,"featured_media":0,"parent":0,"menu_order":0,"comment_status":"closed","ping_status":"closed","template":"","meta":{"ngg_post_thumbnail":0,"footnotes":""},"class_list":["post-236","page","type-page","status-publish","hentry"],"translation":{"provider":"WPGlobus","version":"3.0.2","language":"es","enabled_languages":["en","es"],"languages":{"en":{"title":true,"content":true,"excerpt":false},"es":{"title":true,"content":true,"excerpt":false}}},"_links":{"self":[{"href":"https:\/\/friendsofpotosi.tulane.edu\/es\/wp-json\/wp\/v2\/pages\/236","targetHints":{"allow":["GET"]}}],"collection":[{"href":"https:\/\/friendsofpotosi.tulane.edu\/es\/wp-json\/wp\/v2\/pages"}],"about":[{"href":"https:\/\/friendsofpotosi.tulane.edu\/es\/wp-json\/wp\/v2\/types\/page"}],"author":[{"embeddable":true,"href":"https:\/\/friendsofpotosi.tulane.edu\/es\/wp-json\/wp\/v2\/users\/4"}],"replies":[{"embeddable":true,"href":"https:\/\/friendsofpotosi.tulane.edu\/es\/wp-json\/wp\/v2\/comments?post=236"}],"version-history":[{"count":15,"href":"https:\/\/friendsofpotosi.tulane.edu\/es\/wp-json\/wp\/v2\/pages\/236\/revisions"}],"predecessor-version":[{"id":469,"href":"https:\/\/friendsofpotosi.tulane.edu\/es\/wp-json\/wp\/v2\/pages\/236\/revisions\/469"}],"wp:attachment":[{"href":"https:\/\/friendsofpotosi.tulane.edu\/es\/wp-json\/wp\/v2\/media?parent=236"}],"curies":[{"name":"wp","href":"https:\/\/api.w.org\/{rel}","templated":true}]}}