{"id":30,"date":"2013-10-27T21:15:16","date_gmt":"2013-10-27T21:15:16","guid":{"rendered":"http:\/\/friendsofpotosi.wp.tulane.edu\/?page_id=30"},"modified":"2015-08-19T19:25:23","modified_gmt":"2015-08-19T19:25:23","slug":"historical-figures","status":"publish","type":"page","link":"https:\/\/friendsofpotosi.tulane.edu\/es\/historical-figures\/","title":{"rendered":"Video"},"content":{"rendered":"<h1 class=\"yt watch-title-container\"><span class=\"watch-title \" dir=\"ltr\" title=\"Entrada del virrey Morcillo en Potos\u00ed\">Entrada del virrey Morcillo en Potos\u00ed, cortes<\/span><span class=\"watch-title \" dir=\"ltr\" title=\"Entrada del virrey Morcillo en Potos\u00ed\">\u00eda Museo de Am<\/span><span id=\"eow-title\" class=\"watch-title \" dir=\"ltr\" title=\"Entrada del virrey Morcillo en Potos\u00ed\">\u00e9rica, Madrid<br \/>\n<\/span><\/h1>\n<p><iframe loading=\"lazy\" src=\"https:\/\/www.youtube.com\/embed\/-6V67-3hrTY\" width=\"560\" height=\"315\" frameborder=\"0\" allowfullscreen=\"allowfullscreen\"><\/iframe><\/p>\n","protected":false},"excerpt":{"rendered":"<p>Entrada del virrey Morcillo en Potos\u00ed, cortes\u00eda Museo de Am\u00e9rica, Madrid<\/p>\n","protected":false},"author":4,"featured_media":0,"parent":0,"menu_order":0,"comment_status":"closed","ping_status":"open","template":"","meta":{"ngg_post_thumbnail":0,"footnotes":""},"class_list":["post-30","page","type-page","status-publish","hentry"],"translation":{"provider":"WPGlobus","version":"3.0.2","language":"es","enabled_languages":["en","es"],"languages":{"en":{"title":true,"content":true,"excerpt":false},"es":{"title":true,"content":true,"excerpt":false}}},"_links":{"self":[{"href":"https:\/\/friendsofpotosi.tulane.edu\/es\/wp-json\/wp\/v2\/pages\/30","targetHints":{"allow":["GET"]}}],"collection":[{"href":"https:\/\/friendsofpotosi.tulane.edu\/es\/wp-json\/wp\/v2\/pages"}],"about":[{"href":"https:\/\/friendsofpotosi.tulane.edu\/es\/wp-json\/wp\/v2\/types\/page"}],"author":[{"embeddable":true,"href":"https:\/\/friendsofpotosi.tulane.edu\/es\/wp-json\/wp\/v2\/users\/4"}],"replies":[{"embeddable":true,"href":"https:\/\/friendsofpotosi.tulane.edu\/es\/wp-json\/wp\/v2\/comments?post=30"}],"version-history":[{"count":15,"href":"https:\/\/friendsofpotosi.tulane.edu\/es\/wp-json\/wp\/v2\/pages\/30\/revisions"}],"predecessor-version":[{"id":157,"href":"https:\/\/friendsofpotosi.tulane.edu\/es\/wp-json\/wp\/v2\/pages\/30\/revisions\/157"}],"wp:attachment":[{"href":"https:\/\/friendsofpotosi.tulane.edu\/es\/wp-json\/wp\/v2\/media?parent=30"}],"curies":[{"name":"wp","href":"https:\/\/api.w.org\/{rel}","templated":true}]}}