{"id":304,"date":"2019-05-14T12:05:46","date_gmt":"2019-05-14T12:05:46","guid":{"rendered":"http:\/\/friendsofpotosi.wp.tulane.edu\/?page_id=304"},"modified":"2019-06-14T16:27:02","modified_gmt":"2019-06-14T16:27:02","slug":"primary-sources","status":"publish","type":"page","link":"https:\/\/friendsofpotosi.tulane.edu\/es\/primary-sources\/","title":{"rendered":"Primarias"},"content":{"rendered":"<p><em>Historia de la villa imperial de Potos\u00ed<\/em> by Arz\u00e1ns de Ors\u00faa y Vela<\/p>\n<p><a href=\"https:\/\/repository.library.brown.edu\/studio\/item\/bdr:371585\/\">Link to the Brown University Library&#8217;s Digital Repository<\/a><\/p>\n<hr>\n<p class=\"window-manifest-title\"><em>Blanco Antolinez, Joaquin., Historia de la Real Casa de Moneda de Potosi. [Potos\u00ed, 1803] Kress Collection, Baker Library, Harvard University<\/em><\/p>\n<p class=\"window-manifest-title\">Link to&nbsp;<a href=\"http:\/\/iiif.lib.harvard.edu\/manifests\/view\/drs:422084495$1i\">Harvard Text Viewer<\/a><\/p>\n","protected":false},"excerpt":{"rendered":"<p>Historia de la villa imperial de Potos\u00ed by Arz\u00e1ns de Ors\u00faa y Vela Link to the Brown University Library&#8217;s Digital Repository Blanco Antolinez, Joaquin., Historia de la Real Casa de Moneda de Potosi. [Potos\u00ed, 1803] Kress Collection, Baker Library, Harvard University Link to&nbsp;Harvard Text Viewer<\/p>\n","protected":false},"author":4,"featured_media":0,"parent":0,"menu_order":0,"comment_status":"closed","ping_status":"closed","template":"","meta":{"ngg_post_thumbnail":0,"footnotes":""},"class_list":["post-304","page","type-page","status-publish","hentry"],"translation":{"provider":"WPGlobus","version":"3.0.2","language":"es","enabled_languages":["en","es"],"languages":{"en":{"title":true,"content":true,"excerpt":false},"es":{"title":true,"content":true,"excerpt":false}}},"_links":{"self":[{"href":"https:\/\/friendsofpotosi.tulane.edu\/es\/wp-json\/wp\/v2\/pages\/304","targetHints":{"allow":["GET"]}}],"collection":[{"href":"https:\/\/friendsofpotosi.tulane.edu\/es\/wp-json\/wp\/v2\/pages"}],"about":[{"href":"https:\/\/friendsofpotosi.tulane.edu\/es\/wp-json\/wp\/v2\/types\/page"}],"author":[{"embeddable":true,"href":"https:\/\/friendsofpotosi.tulane.edu\/es\/wp-json\/wp\/v2\/users\/4"}],"replies":[{"embeddable":true,"href":"https:\/\/friendsofpotosi.tulane.edu\/es\/wp-json\/wp\/v2\/comments?post=304"}],"version-history":[{"count":9,"href":"https:\/\/friendsofpotosi.tulane.edu\/es\/wp-json\/wp\/v2\/pages\/304\/revisions"}],"predecessor-version":[{"id":458,"href":"https:\/\/friendsofpotosi.tulane.edu\/es\/wp-json\/wp\/v2\/pages\/304\/revisions\/458"}],"wp:attachment":[{"href":"https:\/\/friendsofpotosi.tulane.edu\/es\/wp-json\/wp\/v2\/media?parent=304"}],"curies":[{"name":"wp","href":"https:\/\/api.w.org\/{rel}","templated":true}]}}