{"id":310,"date":"2019-05-14T12:06:15","date_gmt":"2019-05-14T12:06:15","guid":{"rendered":"http:\/\/friendsofpotosi.wp.tulane.edu\/?page_id=310"},"modified":"2019-06-14T16:28:34","modified_gmt":"2019-06-14T16:28:34","slug":"secondary","status":"publish","type":"page","link":"https:\/\/friendsofpotosi.tulane.edu\/es\/secondary\/","title":{"rendered":"Gr\u00e1ficos y Tablas"},"content":{"rendered":"<p>Producci\u00f3n de la Casa de la Moneda de Potos\u00ed entre 1574 y 1824<\/p>\n<p><a href=\"https:\/\/friendsofpotosi.tulane.edu\/wp-content\/uploads\/sites\/111\/2015\/06\/MintGRAPH.jpg\"><img loading=\"lazy\" decoding=\"async\" class=\"alignnone size-medium wp-image-139\" src=\"https:\/\/friendsofpotosi.tulane.edu\/wp-content\/uploads\/sites\/111\/2015\/06\/MintGRAPH-300x67.jpg\" sizes=\"auto, (max-width: 300px) 100vw, 300px\" srcset=\"http:\/\/friendsofpotosi.tulane.edu\/wp-content\/uploads\/sites\/111\/2015\/06\/MintGRAPH-300x67.jpg 300w, http:\/\/friendsofpotosi.tulane.edu\/wp-content\/uploads\/sites\/111\/2015\/06\/MintGRAPH-1024x230.jpg 1024w, http:\/\/friendsofpotosi.tulane.edu\/wp-content\/uploads\/sites\/111\/2015\/06\/MintGRAPH-624x140.jpg 624w\" alt=\"MintGRAPH\" width=\"300\" height=\"67\"><\/a><\/p>\n<h6>Source: John J. Te Paske, 2010<\/h6>\n<p>Producci\u00f3n de las minas de Potos\u00ed entre 1545 y 1823<\/p>\n<p><a href=\"https:\/\/friendsofpotosi.tulane.edu\/wp-content\/uploads\/sites\/111\/2015\/06\/MineGRAPH.jpg\"><img loading=\"lazy\" decoding=\"async\" class=\"alignnone size-medium wp-image-138\" src=\"https:\/\/friendsofpotosi.tulane.edu\/wp-content\/uploads\/sites\/111\/2015\/06\/MineGRAPH-300x53.jpg\" sizes=\"auto, (max-width: 300px) 100vw, 300px\" srcset=\"http:\/\/friendsofpotosi.tulane.edu\/wp-content\/uploads\/sites\/111\/2015\/06\/MineGRAPH-300x53.jpg 300w, http:\/\/friendsofpotosi.tulane.edu\/wp-content\/uploads\/sites\/111\/2015\/06\/MineGRAPH-1024x180.jpg 1024w, http:\/\/friendsofpotosi.tulane.edu\/wp-content\/uploads\/sites\/111\/2015\/06\/MineGRAPH-624x110.jpg 624w\" alt=\"MineGRAPH\" width=\"300\" height=\"53\"><\/a><\/p>\n<h6>Source: John J. Te Paske, 2010<\/h6>\n<p>Producci\u00f3n de la Casa de la Moneda y las minas de Potos\u00ed entre 1545 y 1824<\/p>\n<p><a href=\"https:\/\/friendsofpotosi.tulane.edu\/wp-content\/uploads\/sites\/111\/2015\/06\/CombinedGRAPH.jpg\"><img loading=\"lazy\" decoding=\"async\" class=\"alignnone size-medium wp-image-143\" src=\"https:\/\/friendsofpotosi.tulane.edu\/wp-content\/uploads\/sites\/111\/2015\/06\/CombinedGRAPH-300x103.jpg\" sizes=\"auto, (max-width: 300px) 100vw, 300px\" srcset=\"http:\/\/friendsofpotosi.tulane.edu\/wp-content\/uploads\/sites\/111\/2015\/06\/CombinedGRAPH-300x103.jpg 300w, http:\/\/friendsofpotosi.tulane.edu\/wp-content\/uploads\/sites\/111\/2015\/06\/CombinedGRAPH-1024x350.jpg 1024w, http:\/\/friendsofpotosi.tulane.edu\/wp-content\/uploads\/sites\/111\/2015\/06\/CombinedGRAPH-624x213.jpg 624w\" alt=\"CombinedGRAPH\" width=\"300\" height=\"103\"><\/a><\/p>\n<h6>Source: John J. Te Paske, 2010<\/h6>\n","protected":false},"excerpt":{"rendered":"<p>Producci\u00f3n de la Casa de la Moneda de Potos\u00ed entre 1574 y 1824 Source: John J. Te Paske, 2010 Producci\u00f3n de las minas de Potos\u00ed entre 1545 y 1823 Source: John J. Te Paske, 2010 Producci\u00f3n de la Casa de la Moneda y las minas de Potos\u00ed entre 1545 y 1824 Source: John J. Te [&hellip;]<\/p>\n","protected":false},"author":4,"featured_media":0,"parent":0,"menu_order":0,"comment_status":"closed","ping_status":"closed","template":"","meta":{"ngg_post_thumbnail":0,"footnotes":""},"class_list":["post-310","page","type-page","status-publish","hentry"],"translation":{"provider":"WPGlobus","version":"3.0.2","language":"es","enabled_languages":["en","es"],"languages":{"en":{"title":true,"content":true,"excerpt":false},"es":{"title":true,"content":true,"excerpt":false}}},"_links":{"self":[{"href":"https:\/\/friendsofpotosi.tulane.edu\/es\/wp-json\/wp\/v2\/pages\/310","targetHints":{"allow":["GET"]}}],"collection":[{"href":"https:\/\/friendsofpotosi.tulane.edu\/es\/wp-json\/wp\/v2\/pages"}],"about":[{"href":"https:\/\/friendsofpotosi.tulane.edu\/es\/wp-json\/wp\/v2\/types\/page"}],"author":[{"embeddable":true,"href":"https:\/\/friendsofpotosi.tulane.edu\/es\/wp-json\/wp\/v2\/users\/4"}],"replies":[{"embeddable":true,"href":"https:\/\/friendsofpotosi.tulane.edu\/es\/wp-json\/wp\/v2\/comments?post=310"}],"version-history":[{"count":6,"href":"https:\/\/friendsofpotosi.tulane.edu\/es\/wp-json\/wp\/v2\/pages\/310\/revisions"}],"predecessor-version":[{"id":319,"href":"https:\/\/friendsofpotosi.tulane.edu\/es\/wp-json\/wp\/v2\/pages\/310\/revisions\/319"}],"wp:attachment":[{"href":"https:\/\/friendsofpotosi.tulane.edu\/es\/wp-json\/wp\/v2\/media?parent=310"}],"curies":[{"name":"wp","href":"https:\/\/api.w.org\/{rel}","templated":true}]}}