{"id":44,"date":"2013-10-29T18:01:40","date_gmt":"2013-10-29T18:01:40","guid":{"rendered":"http:\/\/friendsofpotosi.wp.tulane.edu\/?page_id=44"},"modified":"2019-06-06T18:56:53","modified_gmt":"2019-06-06T18:56:53","slug":"friends-of-potosi","status":"publish","type":"page","link":"https:\/\/friendsofpotosi.tulane.edu\/es\/","title":{"rendered":"Amigos de Potos\u00ed: Una invitac\u00edon renovada"},"content":{"rendered":"<header class=\"entry-header\">En 1995 el renombrado historiador estadounidense Lewis Hanke cre\u00f3 la asociaci\u00f3n &#8220;Amigos de la Historia de la Villa Imperial de Potos\u00ed&#8221;. Los miembros originales de dicha asociaci\u00f3n incluyen figuras eminentes como Gunnar Mendoza, Armando Alba, Teresa Gisbert, Jos\u00e9 de Mesa, Guillermo Ovando-Sanz, Mario Chac\u00f3n, Marie Helmer, y Inge Wolff. Aunque la iniciativa era s\u00f3lida, Hanke expres\u00f3 en 1972 como &#8220;el establecimiento de la asociaci\u00f3n&#8230; podr\u00eda haber servido para el \u00fatil prop\u00f3sito de alertar a estudiosos provenientes de diferentes lugares sobre su preocupaci\u00f3n com\u00fan con Potos\u00ed, pero no se not\u00f3 ning\u00fan gran resultado.&#8221; Con la debida gratitud al difunto Prof. Hanke, esperamos que esta versi\u00f3n renovada de los &#8220;Amigos de Potos\u00ed\/Friends of Potos\u00ed&#8221; pueda resultar mas duradera y fruct\u00edfera en esta nueva era digital.<\/header>\n<p>Desde el trabajo de Hanke se han publicado un gran n\u00famero de obras acad\u00e9micas sobre Potos\u00ed, y sin embargo los especialistas de la Villa Imperial y su territorio siguen dispersos por el mundo y s\u00f3lo ocasionalmente tienen la oportunidad de conocerse en persona y compartir apuntes. Si bien los avances en tecnolog\u00eda digital han permitido que sea m\u00e1s f\u00e1cil y eficiente la localizaci\u00f3n y publicaci\u00f3n de materiales originales, y aunque la comunicaci\u00f3n digital en nuestros d\u00edas es sorprendente, en muchos casos los acad\u00e9micos ignoramos el trabajo de otros especialistas y, por supuesto, las investigaciones en curso nos son enteramente desconocidas. En lugar de una gran reuni\u00f3n en Potos\u00ed, que esperamos, como lo hizo Hanke, sea posible alg\u00fan d\u00eda, ofrecemos este sitio web como un foro para recopilar y compartir todo aquello que ata\u00f1e a esta intrigante y probablemente \u00fanica ciudad andina.&nbsp;&nbsp;<\/p>\n<p>Esta es la resoluci\u00f3n de Hanke para la reuni\u00f3n en Potos\u00ed (traducida del ingl\u00e9s original), firmada por los Amigos de Potos\u00ed que atendieron el XXXVIII Congreso Internacional de Americanistas en Stuttgart-Munich en agosto de 1968:<\/p>\n<p><em style=\"font-size: 1rem;\">Una resoluci\u00f3n sobre la historia de la Villa Imperial de Potos\u00ed.<\/em><\/p>\n<p><em style=\"font-size: 1rem;\">Considerando<\/em><\/p>\n<div class=\"entry-content\">\n<p><em>&nbsp;&nbsp;&nbsp;&nbsp;&nbsp;&nbsp; Que la historia de la villa Imperial de Potos\u00ed requiere un mayor estudio de sus aspectos antropol\u00f3gicos, art\u00edsticos, culturales, econ\u00f3micos, pol\u00edticos, sociol\u00f3gicos, y tecnol\u00f3gicos<\/em><\/p>\n<p><em>Reconociendo<\/em><\/p>\n<p><em>&nbsp; &nbsp; &nbsp; &nbsp;Que hay disponible un extenso acervo documental que permite la investigaci\u00f3n sobre Potos\u00ed<\/em><\/p>\n<p><em>Creyendo<\/em><\/p>\n<p><em>&nbsp; &nbsp; &nbsp; &nbsp;Que una reuni\u00f3n de especialistas en Potos\u00ed ser\u00eda un valioso est\u00edmulo para futuros esfuerzos&#8230;<\/em><\/p>\n<p>Fuente: Hanke, Lewis. <em>Selected Writings of Lewis Hanke on the History of Latin America.<\/em> Tempe, AZ: ASU Center for Latin American Studies, 1979, pp.188-95.<\/p>\n<hr>\n<p>Este sitio web pretende ser tanto un archivo como un lugar para el encuentro de acad\u00e9micos, estudiantes, ciudadanos, viajeros perdidos y todos los dem\u00e1s amigos de Potos\u00ed. Aunque nuestro foco principal est\u00e1 puesto en el periodo colonial de esta gran ciudad andina, esperamos que el sitio sirva tambi\u00e9n para celebrar su historia contempor\u00e1nea, su cultura y sus conexiones con el mundo. Si tiene comentarios o sugerencias sobre c\u00f3mo&nbsp; mejorar el sitio o corregir un error, por favor env\u00ede un e-mail a <a href=\"klane1@tulane.edu\">klane1@tulane.edu.<\/a><\/p>\n<\/div>\n<p>\u00a1Viva Potos\u00ed!<\/p>\n<p>Kris Lane, Tulane University.<\/p>\n","protected":false},"excerpt":{"rendered":"<p>En 1995 el renombrado historiador estadounidense Lewis Hanke cre\u00f3 la asociaci\u00f3n &#8220;Amigos de la Historia de la Villa Imperial de Potos\u00ed&#8221;. Los miembros originales de dicha asociaci\u00f3n incluyen figuras eminentes como Gunnar Mendoza, Armando Alba, Teresa Gisbert, Jos\u00e9 de Mesa, Guillermo Ovando-Sanz, Mario Chac\u00f3n, Marie Helmer, y Inge Wolff. Aunque la iniciativa era s\u00f3lida, Hanke [&hellip;]<\/p>\n","protected":false},"author":4,"featured_media":0,"parent":0,"menu_order":0,"comment_status":"closed","ping_status":"open","template":"","meta":{"ngg_post_thumbnail":0,"footnotes":""},"class_list":["post-44","page","type-page","status-publish","hentry"],"translation":{"provider":"WPGlobus","version":"3.0.2","language":"es","enabled_languages":["en","es"],"languages":{"en":{"title":true,"content":true,"excerpt":false},"es":{"title":true,"content":true,"excerpt":false}}},"_links":{"self":[{"href":"https:\/\/friendsofpotosi.tulane.edu\/es\/wp-json\/wp\/v2\/pages\/44","targetHints":{"allow":["GET"]}}],"collection":[{"href":"https:\/\/friendsofpotosi.tulane.edu\/es\/wp-json\/wp\/v2\/pages"}],"about":[{"href":"https:\/\/friendsofpotosi.tulane.edu\/es\/wp-json\/wp\/v2\/types\/page"}],"author":[{"embeddable":true,"href":"https:\/\/friendsofpotosi.tulane.edu\/es\/wp-json\/wp\/v2\/users\/4"}],"replies":[{"embeddable":true,"href":"https:\/\/friendsofpotosi.tulane.edu\/es\/wp-json\/wp\/v2\/comments?post=44"}],"version-history":[{"count":27,"href":"https:\/\/friendsofpotosi.tulane.edu\/es\/wp-json\/wp\/v2\/pages\/44\/revisions"}],"predecessor-version":[{"id":212,"href":"https:\/\/friendsofpotosi.tulane.edu\/es\/wp-json\/wp\/v2\/pages\/44\/revisions\/212"}],"wp:attachment":[{"href":"https:\/\/friendsofpotosi.tulane.edu\/es\/wp-json\/wp\/v2\/media?parent=44"}],"curies":[{"name":"wp","href":"https:\/\/api.w.org\/{rel}","templated":true}]}}